{"id":11,"date":"2023-03-01T09:21:40","date_gmt":"2023-03-01T09:21:40","guid":{"rendered":"http:\/\/ferienwohnungwilhelm.de\/?page_id=11"},"modified":"2025-02-24T13:34:37","modified_gmt":"2025-02-24T13:34:37","slug":"ferien-im-hunsrueck","status":"publish","type":"page","link":"https:\/\/ferienwohnungwilhelm.de\/?page_id=11","title":{"rendered":"Kontakt"},"content":{"rendered":"\n<p class=\"has-text-align-left has-medium-font-size\">Margit Technau<br>in den Dillwiesen 3<br>55496 Argenthal<\/p>\n\n\n\n<p class=\"has-text-align-left has-medium-font-size\"><br>Telefon: 06761-3954<br>Mobil: 0170-8951061<br>Email: margit.technau@t-online.de<\/p>\n","protected":false},"excerpt":{"rendered":"<p>Margit Technauin den Dillwiesen 355496 Argenthal Telefon: 06761-3954Mobil: 0170-8951061Email: margit.technau@t-online.de<\/p>\n","protected":false},"author":1,"featured_media":0,"parent":0,"menu_order":0,"comment_status":"closed","ping_status":"closed","template":"","meta":{"footnotes":""},"class_list":["post-11","page","type-page","status-publish","hentry"],"yoast_head":"<!-- This site is optimized with the Yoast SEO plugin v27.5 - https:\/\/yoast.com\/product\/yoast-seo-wordpress\/ -->\n<title>Ferien im Hunsr\u00fcck - alleine, zu zweit oder mit der Familie<\/title>\n<meta name=\"description\" content=\"Ferien im Hunsr\u00fcckFerien im Hunsr\u00fcck - alleine, zu zweit oder mit der Familie! Vom Wandern, \u00fcber Freizeitparks bis hin zu Kulturveranst...\" \/>\n<meta name=\"robots\" content=\"index, follow, max-snippet:-1, max-image-preview:large, max-video-preview:-1\" \/>\n<link rel=\"canonical\" href=\"http:\/\/ferienwohnungwilhelm.de\/?page_id=11\" \/>\n<meta property=\"og:locale\" content=\"de_DE\" \/>\n<meta property=\"og:type\" content=\"article\" \/>\n<meta property=\"og:title\" content=\"Ferien im Hunsr\u00fcck - alleine, zu zweit oder mit der Familie\" \/>\n<meta property=\"og:description\" content=\"Ferien im Hunsr\u00fcckFerien im Hunsr\u00fcck - alleine, zu zweit oder mit der Familie! Vom Wandern, \u00fcber Freizeitparks bis hin zu Kulturveranst...\" \/>\n<meta property=\"og:url\" content=\"http:\/\/ferienwohnungwilhelm.de\/?page_id=11\" \/>\n<meta property=\"og:site_name\" content=\"Ferienwohnung Wilhelm\" \/>\n<meta property=\"article:modified_time\" content=\"2025-02-24T13:34:37+00:00\" \/>\n<meta property=\"og:image\" content=\"https:\/\/ferienwohnungwilhelm.de\/wp-content\/uploads\/2023\/03\/IMG_9906-scaled.jpg\" \/>\n\t<meta property=\"og:image:width\" content=\"2560\" \/>\n\t<meta property=\"og:image:height\" content=\"2093\" \/>\n\t<meta property=\"og:image:type\" content=\"image\/jpeg\" \/>\n<meta name=\"twitter:card\" content=\"summary_large_image\" \/>\n<meta name=\"twitter:label1\" content=\"Gesch\u00e4tzte Lesezeit\" \/>\n\t<meta name=\"twitter:data1\" content=\"1\u00a0Minute\" \/>\n<script type=\"application\/ld+json\" class=\"yoast-schema-graph\">{\"@context\":\"https:\\\/\\\/schema.org\",\"@graph\":[{\"@type\":\"WebPage\",\"@id\":\"http:\\\/\\\/ferienwohnungwilhelm.de\\\/?page_id=11\",\"url\":\"http:\\\/\\\/ferienwohnungwilhelm.de\\\/?page_id=11\",\"name\":\"Ferien im Hunsr\u00fcck - alleine, zu zweit oder mit der Familie\",\"isPartOf\":{\"@id\":\"http:\\\/\\\/ferienwohnungwilhelm.de\\\/#website\"},\"datePublished\":\"2023-03-01T09:21:40+00:00\",\"dateModified\":\"2025-02-24T13:34:37+00:00\",\"description\":\"Ferien im Hunsr\u00fcckFerien im Hunsr\u00fcck - alleine, zu zweit oder mit der Familie! Vom Wandern, \u00fcber Freizeitparks bis hin zu Kulturveranst...\",\"breadcrumb\":{\"@id\":\"http:\\\/\\\/ferienwohnungwilhelm.de\\\/?page_id=11#breadcrumb\"},\"inLanguage\":\"de\",\"potentialAction\":[{\"@type\":\"ReadAction\",\"target\":[\"http:\\\/\\\/ferienwohnungwilhelm.de\\\/?page_id=11\"]}]},{\"@type\":\"BreadcrumbList\",\"@id\":\"http:\\\/\\\/ferienwohnungwilhelm.de\\\/?page_id=11#breadcrumb\",\"itemListElement\":[{\"@type\":\"ListItem\",\"position\":1,\"name\":\"Startseite\",\"item\":\"http:\\\/\\\/ferienwohnungwilhelm.de\\\/\"},{\"@type\":\"ListItem\",\"position\":2,\"name\":\"Kontakt\"}]},{\"@type\":\"WebSite\",\"@id\":\"http:\\\/\\\/ferienwohnungwilhelm.de\\\/#website\",\"url\":\"http:\\\/\\\/ferienwohnungwilhelm.de\\\/\",\"name\":\"Ferienwohnung Wilhelm\",\"description\":\"in Argenthal\",\"publisher\":{\"@id\":\"http:\\\/\\\/ferienwohnungwilhelm.de\\\/#\\\/schema\\\/person\\\/c93afcdc1619a85dc23c39eb67df361f\"},\"alternateName\":\"Ferienwohnung in Argenthal\",\"potentialAction\":[{\"@type\":\"SearchAction\",\"target\":{\"@type\":\"EntryPoint\",\"urlTemplate\":\"http:\\\/\\\/ferienwohnungwilhelm.de\\\/?s={search_term_string}\"},\"query-input\":{\"@type\":\"PropertyValueSpecification\",\"valueRequired\":true,\"valueName\":\"search_term_string\"}}],\"inLanguage\":\"de\"},{\"@type\":[\"Person\",\"Organization\"],\"@id\":\"http:\\\/\\\/ferienwohnungwilhelm.de\\\/#\\\/schema\\\/person\\\/c93afcdc1619a85dc23c39eb67df361f\",\"name\":\"FeWohWilArg-2023\",\"image\":{\"@type\":\"ImageObject\",\"inLanguage\":\"de\",\"@id\":\"http:\\\/\\\/ferienwohnungwilhelm.de\\\/wp-content\\\/uploads\\\/2023\\\/03\\\/IMG_9906-scaled.jpg\",\"url\":\"http:\\\/\\\/ferienwohnungwilhelm.de\\\/wp-content\\\/uploads\\\/2023\\\/03\\\/IMG_9906-scaled.jpg\",\"contentUrl\":\"http:\\\/\\\/ferienwohnungwilhelm.de\\\/wp-content\\\/uploads\\\/2023\\\/03\\\/IMG_9906-scaled.jpg\",\"width\":2560,\"height\":2093,\"caption\":\"FeWohWilArg-2023\"},\"logo\":{\"@id\":\"http:\\\/\\\/ferienwohnungwilhelm.de\\\/wp-content\\\/uploads\\\/2023\\\/03\\\/IMG_9906-scaled.jpg\"},\"sameAs\":[\"http:\\\/\\\/ferienwohnungwilhelm.de\"]}]}<\/script>\n<!-- \/ Yoast SEO plugin. -->","yoast_head_json":{"title":"Ferien im Hunsr\u00fcck - alleine, zu zweit oder mit der Familie","description":"Ferien im Hunsr\u00fcckFerien im Hunsr\u00fcck - alleine, zu zweit oder mit der Familie! Vom Wandern, \u00fcber Freizeitparks bis hin zu Kulturveranst...","robots":{"index":"index","follow":"follow","max-snippet":"max-snippet:-1","max-image-preview":"max-image-preview:large","max-video-preview":"max-video-preview:-1"},"canonical":"http:\/\/ferienwohnungwilhelm.de\/?page_id=11","og_locale":"de_DE","og_type":"article","og_title":"Ferien im Hunsr\u00fcck - alleine, zu zweit oder mit der Familie","og_description":"Ferien im Hunsr\u00fcckFerien im Hunsr\u00fcck - alleine, zu zweit oder mit der Familie! Vom Wandern, \u00fcber Freizeitparks bis hin zu Kulturveranst...","og_url":"http:\/\/ferienwohnungwilhelm.de\/?page_id=11","og_site_name":"Ferienwohnung Wilhelm","article_modified_time":"2025-02-24T13:34:37+00:00","og_image":[{"width":2560,"height":2093,"url":"https:\/\/ferienwohnungwilhelm.de\/wp-content\/uploads\/2023\/03\/IMG_9906-scaled.jpg","type":"image\/jpeg"}],"twitter_card":"summary_large_image","twitter_misc":{"Gesch\u00e4tzte Lesezeit":"1\u00a0Minute"},"schema":{"@context":"https:\/\/schema.org","@graph":[{"@type":"WebPage","@id":"http:\/\/ferienwohnungwilhelm.de\/?page_id=11","url":"http:\/\/ferienwohnungwilhelm.de\/?page_id=11","name":"Ferien im Hunsr\u00fcck - alleine, zu zweit oder mit der Familie","isPartOf":{"@id":"http:\/\/ferienwohnungwilhelm.de\/#website"},"datePublished":"2023-03-01T09:21:40+00:00","dateModified":"2025-02-24T13:34:37+00:00","description":"Ferien im Hunsr\u00fcckFerien im Hunsr\u00fcck - alleine, zu zweit oder mit der Familie! Vom Wandern, \u00fcber Freizeitparks bis hin zu Kulturveranst...","breadcrumb":{"@id":"http:\/\/ferienwohnungwilhelm.de\/?page_id=11#breadcrumb"},"inLanguage":"de","potentialAction":[{"@type":"ReadAction","target":["http:\/\/ferienwohnungwilhelm.de\/?page_id=11"]}]},{"@type":"BreadcrumbList","@id":"http:\/\/ferienwohnungwilhelm.de\/?page_id=11#breadcrumb","itemListElement":[{"@type":"ListItem","position":1,"name":"Startseite","item":"http:\/\/ferienwohnungwilhelm.de\/"},{"@type":"ListItem","position":2,"name":"Kontakt"}]},{"@type":"WebSite","@id":"http:\/\/ferienwohnungwilhelm.de\/#website","url":"http:\/\/ferienwohnungwilhelm.de\/","name":"Ferienwohnung Wilhelm","description":"in Argenthal","publisher":{"@id":"http:\/\/ferienwohnungwilhelm.de\/#\/schema\/person\/c93afcdc1619a85dc23c39eb67df361f"},"alternateName":"Ferienwohnung in Argenthal","potentialAction":[{"@type":"SearchAction","target":{"@type":"EntryPoint","urlTemplate":"http:\/\/ferienwohnungwilhelm.de\/?s={search_term_string}"},"query-input":{"@type":"PropertyValueSpecification","valueRequired":true,"valueName":"search_term_string"}}],"inLanguage":"de"},{"@type":["Person","Organization"],"@id":"http:\/\/ferienwohnungwilhelm.de\/#\/schema\/person\/c93afcdc1619a85dc23c39eb67df361f","name":"FeWohWilArg-2023","image":{"@type":"ImageObject","inLanguage":"de","@id":"http:\/\/ferienwohnungwilhelm.de\/wp-content\/uploads\/2023\/03\/IMG_9906-scaled.jpg","url":"http:\/\/ferienwohnungwilhelm.de\/wp-content\/uploads\/2023\/03\/IMG_9906-scaled.jpg","contentUrl":"http:\/\/ferienwohnungwilhelm.de\/wp-content\/uploads\/2023\/03\/IMG_9906-scaled.jpg","width":2560,"height":2093,"caption":"FeWohWilArg-2023"},"logo":{"@id":"http:\/\/ferienwohnungwilhelm.de\/wp-content\/uploads\/2023\/03\/IMG_9906-scaled.jpg"},"sameAs":["http:\/\/ferienwohnungwilhelm.de"]}]}},"_links":{"self":[{"href":"https:\/\/ferienwohnungwilhelm.de\/index.php?rest_route=\/wp\/v2\/pages\/11","targetHints":{"allow":["GET"]}}],"collection":[{"href":"https:\/\/ferienwohnungwilhelm.de\/index.php?rest_route=\/wp\/v2\/pages"}],"about":[{"href":"https:\/\/ferienwohnungwilhelm.de\/index.php?rest_route=\/wp\/v2\/types\/page"}],"author":[{"embeddable":true,"href":"https:\/\/ferienwohnungwilhelm.de\/index.php?rest_route=\/wp\/v2\/users\/1"}],"replies":[{"embeddable":true,"href":"https:\/\/ferienwohnungwilhelm.de\/index.php?rest_route=%2Fwp%2Fv2%2Fcomments&post=11"}],"version-history":[{"count":5,"href":"https:\/\/ferienwohnungwilhelm.de\/index.php?rest_route=\/wp\/v2\/pages\/11\/revisions"}],"predecessor-version":[{"id":210,"href":"https:\/\/ferienwohnungwilhelm.de\/index.php?rest_route=\/wp\/v2\/pages\/11\/revisions\/210"}],"wp:attachment":[{"href":"https:\/\/ferienwohnungwilhelm.de\/index.php?rest_route=%2Fwp%2Fv2%2Fmedia&parent=11"}],"curies":[{"name":"wp","href":"https:\/\/api.w.org\/{rel}","templated":true}]}}